{"id":75,"date":"2026-02-21T12:48:31","date_gmt":"2026-02-21T11:48:31","guid":{"rendered":"https:\/\/molinapenalosa.cvcomunicacion.es\/?page_id=75"},"modified":"2026-03-04T02:23:11","modified_gmt":"2026-03-04T01:23:11","slug":"aviso_legal","status":"publish","type":"page","link":"https:\/\/molinapenalosa.cvcomunicacion.es\/index.php\/borrador-automatico\/aviso_legal\/","title":{"rendered":"Pol\u00edtica de privacidad II: aviso legal"},"content":{"rendered":"<h2 class=\"text-text-100 mt-3 -mb-1 text-[1.125rem] font-bold\">AVISO LEGAL<\/h2>\n<p class=\"font-claude-response-body break-words whitespace-normal leading-[1.7]\">Est\u00e1s en un espacio comprometido con los derechos de sus usuarios. Por esta raz\u00f3n, encontrar\u00e1s aqu\u00ed toda la informaci\u00f3n que necesitas saber sobre esta web con la m\u00e1xima transparencia y rigor.<\/p>\n<p class=\"font-claude-response-body break-words whitespace-normal leading-[1.7]\">Esta web cumple rigurosamente con la Ley Org\u00e1nica 3\/2018, de 5 de diciembre, de Protecci\u00f3n de Datos Personales y garant\u00eda de los derechos digitales (LOPDGDD). Cumple tambi\u00e9n con el Reglamento (UE) 2016\/679 del Parlamento Europeo y del Consejo de 27 de abril de 2016 relativo a la protecci\u00f3n de las personas f\u00edsicas (RGPD), as\u00ed como con la Ley 34\/2002, de 11 de julio, de Servicios de la Sociedad de la Informaci\u00f3n y Comercio Electr\u00f3nico (LSSICE o LSSI).<\/p>\n<p class=\"font-claude-response-body break-words whitespace-normal leading-[1.7]\">Los contenidos de esta web est\u00e1n dirigidos a personas mayores de 16 a\u00f1os.<\/p>\n<hr class=\"border-border-200 border-t-0.5 my-3 mx-1.5\" \/>\n<h2 class=\"text-text-100 mt-3 -mb-1 text-[1.125rem] font-bold\">IDENTIFICACI\u00d3N DEL RESPONSABLE DE LA WEB<\/h2>\n<p class=\"font-claude-response-body break-words whitespace-normal leading-[1.7]\"><strong>Nombre:<\/strong> Fernando Molina Pe\u00f1alosa <strong>Correo electr\u00f3nico:<\/strong> <a class=\"underline underline underline-offset-2 decoration-1 decoration-current\/40 hover:decoration-current focus:decoration-current\" href=\"mailto:fernando@molinapenalosa.es\">fernando@molinapenalosa.es<\/a><\/p>\n<p class=\"font-claude-response-body break-words whitespace-normal leading-[1.7]\">\u00bfTe preocupan tus datos personales? Lee la [Pol\u00edtica de Privacidad].<\/p>\n<hr class=\"border-border-200 border-t-0.5 my-3 mx-1.5\" \/>\n<h2 class=\"text-text-100 mt-3 -mb-1 text-[1.125rem] font-bold\">COMPROMISOS Y OBLIGACIONES DE LOS USUARIOS<\/h2>\n<p class=\"font-claude-response-body break-words whitespace-normal leading-[1.7]\">El usuario queda informado, y acepta, que el acceso a la presente web no supone, en modo alguno, el inicio de una relaci\u00f3n comercial con \u00ab<a class=\"underline underline underline-offset-2 decoration-1 decoration-current\/40 hover:decoration-current focus:decoration-current\" href=\"https:\/\/molinapenalosa.cvcomunicacion.es%C2%BB\">https:\/\/molinapenalosa.cvcomunicacion.es\u00bb<\/a>. De esta forma, el usuario se compromete a utilizar el sitio web, sus servicios y contenidos sin contravenir la legislaci\u00f3n vigente, la buena fe y el orden p\u00fablico.<\/p>\n<p class=\"font-claude-response-body break-words whitespace-normal leading-[1.7]\">Queda prohibido el uso de la web con fines il\u00edcitos o lesivos, o que de cualquier forma puedan causar perjuicio o impedir el normal funcionamiento del sitio web. Respecto de los contenidos de esta web, se proh\u00edbe:<\/p>\n<ul class=\"[li_&amp;]:mb-0 [li_&amp;]:mt-1 [li_&amp;]:gap-1 [&amp;:not(:last-child)_ul]:pb-1 [&amp;:not(:last-child)_ol]:pb-1 list-disc flex flex-col gap-1 pl-8 mb-3\">\n<li class=\"whitespace-normal break-words pl-2\">Su reproducci\u00f3n, distribuci\u00f3n o modificaci\u00f3n, total o parcial, sin contar con la autorizaci\u00f3n de Fernando Molina Pe\u00f1alosa como leg\u00edtimo titular.<\/li>\n<li class=\"whitespace-normal break-words pl-2\">Cualquier vulneraci\u00f3n de los derechos de Fernando Molina Pe\u00f1alosa como leg\u00edtimo titular.<\/li>\n<li class=\"whitespace-normal break-words pl-2\">Su utilizaci\u00f3n para fines comerciales o publicitarios.<\/li>\n<\/ul>\n<p class=\"font-claude-response-body break-words whitespace-normal leading-[1.7]\">En la utilizaci\u00f3n de la web \u00ab<a class=\"underline underline underline-offset-2 decoration-1 decoration-current\/40 hover:decoration-current focus:decoration-current\" href=\"https:\/\/molinapenalosa.cvcomunicacion.es%C2%BB\">https:\/\/molinapenalosa.cvcomunicacion.es\u00bb<\/a>, el usuario se compromete a no llevar a cabo ninguna conducta que pudiera da\u00f1ar la imagen, los intereses y los derechos de Fernando Molina Pe\u00f1alosa o de terceros, o que pudiera da\u00f1ar, inutilizar o sobrecargar el portal, o que impidiera, de cualquier forma, la normal utilizaci\u00f3n de la web.<\/p>\n<p class=\"font-claude-response-body break-words whitespace-normal leading-[1.7]\">El usuario debe ser consciente de que las medidas de seguridad de los sistemas inform\u00e1ticos en Internet no son enteramente fiables y que, por tanto, \u00ab<a class=\"underline underline underline-offset-2 decoration-1 decoration-current\/40 hover:decoration-current focus:decoration-current\" href=\"https:\/\/molinapenalosa.cvcomunicacion.es%C2%BB\">https:\/\/molinapenalosa.cvcomunicacion.es\u00bb<\/a> no puede garantizar la inexistencia de malware u otros elementos que puedan producir alteraciones en los sistemas inform\u00e1ticos del usuario, aunque se ponen todos los medios necesarios y las medidas de seguridad oportunas para evitar la presencia de estos elementos da\u00f1inos.<\/p>\n<hr class=\"border-border-200 border-t-0.5 my-3 mx-1.5\" \/>\n<h2 class=\"text-text-100 mt-3 -mb-1 text-[1.125rem] font-bold\">PLATAFORMA DE RESOLUCI\u00d3N DE CONFLICTOS<\/h2>\n<p class=\"font-claude-response-body break-words whitespace-normal leading-[1.7]\">Se pone a disposici\u00f3n de los usuarios la plataforma de resoluci\u00f3n de litigios facilitada por la Comisi\u00f3n Europea, disponible en el siguiente enlace: <a class=\"underline underline underline-offset-2 decoration-1 decoration-current\/40 hover:decoration-current focus:decoration-current\" href=\"http:\/\/ec.europa.eu\/consumers\/odr\/\">http:\/\/ec.europa.eu\/consumers\/odr\/<\/a><\/p>\n<hr class=\"border-border-200 border-t-0.5 my-3 mx-1.5\" \/>\n<h2 class=\"text-text-100 mt-3 -mb-1 text-[1.125rem] font-bold\">EXCLUSI\u00d3N DE GARANT\u00cdAS Y RESPONSABILIDAD<\/h2>\n<p class=\"font-claude-response-body break-words whitespace-normal leading-[1.7]\">\u00ab<a class=\"underline underline underline-offset-2 decoration-1 decoration-current\/40 hover:decoration-current focus:decoration-current\" href=\"https:\/\/molinapenalosa.cvcomunicacion.es%C2%BB\">https:\/\/molinapenalosa.cvcomunicacion.es\u00bb<\/a> no otorga ninguna garant\u00eda ni se hace responsable, en ning\u00fan caso, de los da\u00f1os y perjuicios de cualquier naturaleza que pudieran derivarse de:<\/p>\n<ul class=\"[li_&amp;]:mb-0 [li_&amp;]:mt-1 [li_&amp;]:gap-1 [&amp;:not(:last-child)_ul]:pb-1 [&amp;:not(:last-child)_ol]:pb-1 list-disc flex flex-col gap-1 pl-8 mb-3\">\n<li class=\"whitespace-normal break-words pl-2\">La falta de disponibilidad, mantenimiento y efectivo funcionamiento de la web, o de sus servicios y contenidos.<\/li>\n<li class=\"whitespace-normal break-words pl-2\">La existencia de malware o programas maliciosos en los contenidos.<\/li>\n<li class=\"whitespace-normal break-words pl-2\">El uso il\u00edcito, negligente, fraudulento o contrario a este Aviso Legal.<\/li>\n<li class=\"whitespace-normal break-words pl-2\">La falta de licitud, calidad, fiabilidad, utilidad y disponibilidad de los servicios prestados por terceros y puestos a disposici\u00f3n de los usuarios en el sitio web.<\/li>\n<li class=\"whitespace-normal break-words pl-2\">Los da\u00f1os que pudieran dimanar del uso ilegal o indebido de la presente p\u00e1gina web.<\/li>\n<\/ul>\n<hr class=\"border-border-200 border-t-0.5 my-3 mx-1.5\" \/>\n<h2 class=\"text-text-100 mt-3 -mb-1 text-[1.125rem] font-bold\">LEY APLICABLE Y JURISDICCI\u00d3N<\/h2>\n<p class=\"font-claude-response-body break-words whitespace-normal leading-[1.7]\">Con car\u00e1cter general, las relaciones entre \u00ab<a class=\"underline underline underline-offset-2 decoration-1 decoration-current\/40 hover:decoration-current focus:decoration-current\" href=\"https:\/\/molinapenalosa.cvcomunicacion.es%C2%BB\">https:\/\/molinapenalosa.cvcomunicacion.es\u00bb<\/a> y los usuarios de sus servicios se encuentran sometidas a la legislaci\u00f3n y jurisdicci\u00f3n espa\u00f1olas y a los tribunales de Sevilla.<\/p>\n<p class=\"font-claude-response-body break-words whitespace-normal leading-[1.7]\">En caso de que cualquier usuario tuviese alguna duda acerca de las condiciones de este Aviso Legal o cualquier comentario sobre el portal, puede dirigirse a <a class=\"underline underline underline-offset-2 decoration-1 decoration-current\/40 hover:decoration-current focus:decoration-current\" href=\"mailto:fernando@molinapenalosa.es\">fernando@molinapenalosa.es<\/a><\/p>\n<p class=\"font-claude-response-body break-words whitespace-normal leading-[1.7]\"><em>El Aviso Legal ha sido actualizado por \u00faltima vez el 03\/marzo\/2026.<\/em><\/p>\n","protected":false},"excerpt":{"rendered":"<p>AVISO LEGAL Est\u00e1s en un espacio comprometido con los derechos de sus usuarios. Por esta raz\u00f3n, encontrar\u00e1s aqu\u00ed toda la informaci\u00f3n que necesitas saber sobre esta web con la m\u00e1xima transparencia y rigor. Esta web cumple rigurosamente con la Ley Org\u00e1nica 3\/2018, de 5 de diciembre, de Protecci\u00f3n de Datos Personales y garant\u00eda de los [&hellip;]<\/p>\n","protected":false},"author":1,"featured_media":0,"parent":33,"menu_order":0,"comment_status":"closed","ping_status":"closed","template":"","meta":{"_et_pb_use_builder":"","_et_pb_old_content":"","_et_gb_content_width":"","footnotes":""},"class_list":["post-75","page","type-page","status-publish","hentry"],"yoast_head":"<!-- This site is optimized with the Yoast SEO plugin v27.0 - https:\/\/yoast.com\/product\/yoast-seo-wordpress\/ -->\n<title>Pol\u00edtica de privacidad II: aviso legal - Fernando Molina Pe\u00f1alosa<\/title>\n<meta name=\"robots\" content=\"noindex, follow, max-snippet:-1, max-image-preview:large, max-video-preview:-1\" \/>\n<meta property=\"og:locale\" content=\"es_ES\" \/>\n<meta property=\"og:type\" content=\"article\" \/>\n<meta property=\"og:title\" content=\"Pol\u00edtica de privacidad II: aviso legal - Fernando Molina Pe\u00f1alosa\" \/>\n<meta property=\"og:description\" content=\"AVISO LEGAL Est\u00e1s en un espacio comprometido con los derechos de sus usuarios. Por esta raz\u00f3n, encontrar\u00e1s aqu\u00ed toda la informaci\u00f3n que necesitas saber sobre esta web con la m\u00e1xima transparencia y rigor. Esta web cumple rigurosamente con la Ley Org\u00e1nica 3\/2018, de 5 de diciembre, de Protecci\u00f3n de Datos Personales y garant\u00eda de los [&hellip;]\" \/>\n<meta property=\"og:url\" content=\"https:\/\/molinapenalosa.cvcomunicacion.es\/index.php\/borrador-automatico\/aviso_legal\/\" \/>\n<meta property=\"og:site_name\" content=\"Fernando Molina Pe\u00f1alosa\" \/>\n<meta property=\"article:modified_time\" content=\"2026-03-04T01:23:11+00:00\" \/>\n<meta name=\"twitter:card\" content=\"summary_large_image\" \/>\n<meta name=\"twitter:label1\" content=\"Tiempo de lectura\" \/>\n\t<meta name=\"twitter:data1\" content=\"3 minutos\" \/>\n<script type=\"application\/ld+json\" class=\"yoast-schema-graph\">{\"@context\":\"https:\/\/schema.org\",\"@graph\":[{\"@type\":\"WebPage\",\"@id\":\"https:\/\/molinapenalosa.cvcomunicacion.es\/index.php\/borrador-automatico\/aviso_legal\/\",\"url\":\"https:\/\/molinapenalosa.cvcomunicacion.es\/index.php\/borrador-automatico\/aviso_legal\/\",\"name\":\"Pol\u00edtica de privacidad II: aviso legal - Fernando Molina Pe\u00f1alosa\",\"isPartOf\":{\"@id\":\"https:\/\/molinapenalosa.cvcomunicacion.es\/#website\"},\"datePublished\":\"2026-02-21T11:48:31+00:00\",\"dateModified\":\"2026-03-04T01:23:11+00:00\",\"breadcrumb\":{\"@id\":\"https:\/\/molinapenalosa.cvcomunicacion.es\/index.php\/borrador-automatico\/aviso_legal\/#breadcrumb\"},\"inLanguage\":\"es\",\"potentialAction\":[{\"@type\":\"ReadAction\",\"target\":[\"https:\/\/molinapenalosa.cvcomunicacion.es\/index.php\/borrador-automatico\/aviso_legal\/\"]}]},{\"@type\":\"BreadcrumbList\",\"@id\":\"https:\/\/molinapenalosa.cvcomunicacion.es\/index.php\/borrador-automatico\/aviso_legal\/#breadcrumb\",\"itemListElement\":[{\"@type\":\"ListItem\",\"position\":1,\"name\":\"Portada\",\"item\":\"https:\/\/molinapenalosa.cvcomunicacion.es\/\"},{\"@type\":\"ListItem\",\"position\":2,\"name\":\"FERNANDO MOLINA PE\u00d1ALOSA | PROFESIONAL DE LA COMUNICACI\u00d3N\",\"item\":\"https:\/\/molinapenalosa.cvcomunicacion.es\/\"},{\"@type\":\"ListItem\",\"position\":3,\"name\":\"Pol\u00edtica de privacidad II: aviso legal\"}]},{\"@type\":\"WebSite\",\"@id\":\"https:\/\/molinapenalosa.cvcomunicacion.es\/#website\",\"url\":\"https:\/\/molinapenalosa.cvcomunicacion.es\/\",\"name\":\"Fernando Molina Pe\u00f1alosa\",\"description\":\"Profesional de la comunicaci\u00f3n institucional y corporativa\",\"potentialAction\":[{\"@type\":\"SearchAction\",\"target\":{\"@type\":\"EntryPoint\",\"urlTemplate\":\"https:\/\/molinapenalosa.cvcomunicacion.es\/?s={search_term_string}\"},\"query-input\":{\"@type\":\"PropertyValueSpecification\",\"valueRequired\":true,\"valueName\":\"search_term_string\"}}],\"inLanguage\":\"es\"}]}<\/script>\n<!-- \/ Yoast SEO plugin. -->","yoast_head_json":{"title":"Pol\u00edtica de privacidad II: aviso legal - Fernando Molina Pe\u00f1alosa","robots":{"index":"noindex","follow":"follow","max-snippet":"max-snippet:-1","max-image-preview":"max-image-preview:large","max-video-preview":"max-video-preview:-1"},"og_locale":"es_ES","og_type":"article","og_title":"Pol\u00edtica de privacidad II: aviso legal - Fernando Molina Pe\u00f1alosa","og_description":"AVISO LEGAL Est\u00e1s en un espacio comprometido con los derechos de sus usuarios. Por esta raz\u00f3n, encontrar\u00e1s aqu\u00ed toda la informaci\u00f3n que necesitas saber sobre esta web con la m\u00e1xima transparencia y rigor. Esta web cumple rigurosamente con la Ley Org\u00e1nica 3\/2018, de 5 de diciembre, de Protecci\u00f3n de Datos Personales y garant\u00eda de los [&hellip;]","og_url":"https:\/\/molinapenalosa.cvcomunicacion.es\/index.php\/borrador-automatico\/aviso_legal\/","og_site_name":"Fernando Molina Pe\u00f1alosa","article_modified_time":"2026-03-04T01:23:11+00:00","twitter_card":"summary_large_image","twitter_misc":{"Tiempo de lectura":"3 minutos"},"schema":{"@context":"https:\/\/schema.org","@graph":[{"@type":"WebPage","@id":"https:\/\/molinapenalosa.cvcomunicacion.es\/index.php\/borrador-automatico\/aviso_legal\/","url":"https:\/\/molinapenalosa.cvcomunicacion.es\/index.php\/borrador-automatico\/aviso_legal\/","name":"Pol\u00edtica de privacidad II: aviso legal - Fernando Molina Pe\u00f1alosa","isPartOf":{"@id":"https:\/\/molinapenalosa.cvcomunicacion.es\/#website"},"datePublished":"2026-02-21T11:48:31+00:00","dateModified":"2026-03-04T01:23:11+00:00","breadcrumb":{"@id":"https:\/\/molinapenalosa.cvcomunicacion.es\/index.php\/borrador-automatico\/aviso_legal\/#breadcrumb"},"inLanguage":"es","potentialAction":[{"@type":"ReadAction","target":["https:\/\/molinapenalosa.cvcomunicacion.es\/index.php\/borrador-automatico\/aviso_legal\/"]}]},{"@type":"BreadcrumbList","@id":"https:\/\/molinapenalosa.cvcomunicacion.es\/index.php\/borrador-automatico\/aviso_legal\/#breadcrumb","itemListElement":[{"@type":"ListItem","position":1,"name":"Portada","item":"https:\/\/molinapenalosa.cvcomunicacion.es\/"},{"@type":"ListItem","position":2,"name":"FERNANDO MOLINA PE\u00d1ALOSA | PROFESIONAL DE LA COMUNICACI\u00d3N","item":"https:\/\/molinapenalosa.cvcomunicacion.es\/"},{"@type":"ListItem","position":3,"name":"Pol\u00edtica de privacidad II: aviso legal"}]},{"@type":"WebSite","@id":"https:\/\/molinapenalosa.cvcomunicacion.es\/#website","url":"https:\/\/molinapenalosa.cvcomunicacion.es\/","name":"Fernando Molina Pe\u00f1alosa","description":"Profesional de la comunicaci\u00f3n institucional y corporativa","potentialAction":[{"@type":"SearchAction","target":{"@type":"EntryPoint","urlTemplate":"https:\/\/molinapenalosa.cvcomunicacion.es\/?s={search_term_string}"},"query-input":{"@type":"PropertyValueSpecification","valueRequired":true,"valueName":"search_term_string"}}],"inLanguage":"es"}]}},"_links":{"self":[{"href":"https:\/\/molinapenalosa.cvcomunicacion.es\/index.php\/wp-json\/wp\/v2\/pages\/75","targetHints":{"allow":["GET"]}}],"collection":[{"href":"https:\/\/molinapenalosa.cvcomunicacion.es\/index.php\/wp-json\/wp\/v2\/pages"}],"about":[{"href":"https:\/\/molinapenalosa.cvcomunicacion.es\/index.php\/wp-json\/wp\/v2\/types\/page"}],"author":[{"embeddable":true,"href":"https:\/\/molinapenalosa.cvcomunicacion.es\/index.php\/wp-json\/wp\/v2\/users\/1"}],"replies":[{"embeddable":true,"href":"https:\/\/molinapenalosa.cvcomunicacion.es\/index.php\/wp-json\/wp\/v2\/comments?post=75"}],"version-history":[{"count":5,"href":"https:\/\/molinapenalosa.cvcomunicacion.es\/index.php\/wp-json\/wp\/v2\/pages\/75\/revisions"}],"predecessor-version":[{"id":198,"href":"https:\/\/molinapenalosa.cvcomunicacion.es\/index.php\/wp-json\/wp\/v2\/pages\/75\/revisions\/198"}],"up":[{"embeddable":true,"href":"https:\/\/molinapenalosa.cvcomunicacion.es\/index.php\/wp-json\/wp\/v2\/pages\/33"}],"wp:attachment":[{"href":"https:\/\/molinapenalosa.cvcomunicacion.es\/index.php\/wp-json\/wp\/v2\/media?parent=75"}],"curies":[{"name":"wp","href":"https:\/\/api.w.org\/{rel}","templated":true}]}}