{"id":3,"date":"2023-01-25T12:32:10","date_gmt":"2023-01-25T12:32:10","guid":{"rendered":"https:\/\/molinapenalosa.cvcomunicacion.es\/?page_id=3"},"modified":"2026-03-04T02:21:11","modified_gmt":"2026-03-04T01:21:11","slug":"politica_de_privacidad","status":"publish","type":"page","link":"https:\/\/molinapenalosa.cvcomunicacion.es\/index.php\/borrador-automatico\/politica_de_privacidad\/","title":{"rendered":"Pol\u00edtica de privacidad"},"content":{"rendered":"<h2 class=\"text-text-100 mt-3 -mb-1 text-[1.125rem] font-bold\">INFORMACI\u00d3N ADICIONAL SOBRE PROTECCI\u00d3N DE DATOS<\/h2>\n<p class=\"font-claude-response-body break-words whitespace-normal leading-[1.7]\">Lo que se hace y no se hace con tus datos personales en esta web lo encontrar\u00e1s aqu\u00ed.<\/p>\n<p class=\"font-claude-response-body break-words whitespace-normal leading-[1.7]\">Esta pol\u00edtica expresa c\u00f3mo se tratar\u00e1 y proteger\u00e1 la informaci\u00f3n personal de todas las personas que se relacionan con la web \u00ab<a class=\"underline underline underline-offset-2 decoration-1 decoration-current\/40 hover:decoration-current focus:decoration-current\" href=\"https:\/\/molinapenalosa.cvcomunicacion.es%C2%BB\">https:\/\/molinapenalosa.cvcomunicacion.es\u00bb<\/a> a trav\u00e9s de este sitio web. Por favor, debes leer todos los apartados del Aviso Legal, de la pol\u00edtica de cookies y de la presente pol\u00edtica de privacidad antes de utilizar esta web.<\/p>\n<p class=\"font-claude-response-body break-words whitespace-normal leading-[1.7]\">De conformidad con lo dispuesto en Reglamento UE 2016\/679, del Parlamento Europeo y del Consejo del 27 de abril de 2016 (RGPD) y la Ley Org\u00e1nica 3\/2018, del 5 de diciembre, de Protecci\u00f3n de Datos Personales y garant\u00eda de los derechos digitales, FERNANDO MOLINA PE\u00d1ALOSA te informa de que, mediante la aceptaci\u00f3n de esta Pol\u00edtica de Privacidad, prestas tu consentimiento expreso, informado, libre e inequ\u00edvoco para que los datos que proporcionas, y sobre los que se aplican las medidas de seguridad, t\u00e9cnicas y organizativas previstas en la normativa vigente, sean tratados por FERNANDO MOLINA PE\u00d1ALOSA como responsable del tratamiento.<\/p>\n<hr class=\"border-border-200 border-t-0.5 my-3 mx-1.5\" \/>\n<h2 class=\"text-text-100 mt-3 -mb-1 text-[1.125rem] font-bold\">\u00bfQUI\u00c9N ES EL RESPONSABLE DE ESTA WEB?<\/h2>\n<ul class=\"[li_&amp;]:mb-0 [li_&amp;]:mt-1 [li_&amp;]:gap-1 [&amp;:not(:last-child)_ul]:pb-1 [&amp;:not(:last-child)_ol]:pb-1 list-disc flex flex-col gap-1 pl-8 mb-3\">\n<li class=\"whitespace-normal break-words pl-2\"><strong>Identidad del Responsable:<\/strong> FERNANDO MOLINA PE\u00d1ALOSA<\/li>\n<li class=\"whitespace-normal break-words pl-2\"><strong>Nombre comercial:<\/strong> <a class=\"underline underline underline-offset-2 decoration-1 decoration-current\/40 hover:decoration-current focus:decoration-current\" href=\"https:\/\/molinapenalosa.cvcomunicacion.es\">https:\/\/molinapenalosa.cvcomunicacion.es<\/a><\/li>\n<li class=\"whitespace-normal break-words pl-2\"><strong>Correo electr\u00f3nico:<\/strong> <a class=\"underline underline underline-offset-2 decoration-1 decoration-current\/40 hover:decoration-current focus:decoration-current\" href=\"mailto:fernando@molinapenalosa.es\">fernando@molinapenalosa.es<\/a><\/li>\n<\/ul>\n<hr class=\"border-border-200 border-t-0.5 my-3 mx-1.5\" \/>\n<h2 class=\"text-text-100 mt-3 -mb-1 text-[1.125rem] font-bold\">\u00bfQU\u00c9 DATOS PERSONALES SE RECOGEN EN ESTA WEB?<\/h2>\n<p class=\"font-claude-response-body break-words whitespace-normal leading-[1.7]\">Para las finalidades establecidas en esta Pol\u00edtica de Privacidad, la web \u00ab<a class=\"underline underline underline-offset-2 decoration-1 decoration-current\/40 hover:decoration-current focus:decoration-current\" href=\"https:\/\/molinapenalosa.cvcomunicacion.es%C2%BB\">https:\/\/molinapenalosa.cvcomunicacion.es\u00bb<\/a> recaba y trata los datos personales que se detallan a continuaci\u00f3n, que depender\u00e1n de los diferentes servicios que solicite en esta web:<\/p>\n<p class=\"font-claude-response-body break-words whitespace-normal leading-[1.7]\"><strong>Datos identificativos:<\/strong> nombre, apellidos.<\/p>\n<p class=\"font-claude-response-body break-words whitespace-normal leading-[1.7]\"><strong>Datos de contacto:<\/strong> direcci\u00f3n de correo electr\u00f3nico.<\/p>\n<p class=\"font-claude-response-body break-words whitespace-normal leading-[1.7]\"><strong>Datos de navegaci\u00f3n:<\/strong> direcci\u00f3n IP, tipo e identificaci\u00f3n del dispositivo, tipo de navegador, dominio a trav\u00e9s del cual accede al sitio web, datos de navegaci\u00f3n, actividad en el sitio web.<\/p>\n<hr class=\"border-border-200 border-t-0.5 my-3 mx-1.5\" \/>\n<h2 class=\"text-text-100 mt-3 -mb-1 text-[1.125rem] font-bold\">\u00bfCON QU\u00c9 BASE LEGAL SE TRATAN ESOS DATOS?<\/h2>\n<p class=\"font-claude-response-body break-words whitespace-normal leading-[1.7]\">Tratamos tus datos personales con las siguientes bases legales:<\/p>\n<ul class=\"[li_&amp;]:mb-0 [li_&amp;]:mt-1 [li_&amp;]:gap-1 [&amp;:not(:last-child)_ul]:pb-1 [&amp;:not(:last-child)_ol]:pb-1 list-disc flex flex-col gap-1 pl-8 mb-3\">\n<li class=\"whitespace-normal break-words pl-2\"><strong>El consentimiento<\/strong> del usuario en relaci\u00f3n al contacto y el env\u00edo de comunicaciones, v\u00eda correo electr\u00f3nico o cookies.<\/li>\n<li class=\"whitespace-normal break-words pl-2\"><strong>El inter\u00e9s leg\u00edtimo<\/strong> del responsable del tratamiento para proteger a los usuarios de la web \u00ab<a class=\"underline underline underline-offset-2 decoration-1 decoration-current\/40 hover:decoration-current focus:decoration-current\" href=\"https:\/\/molinapenalosa.cvcomunicacion.es%C2%BB\">https:\/\/molinapenalosa.cvcomunicacion.es\u00bb<\/a> de abusos y fraudes en el uso de los servicios.<\/li>\n<\/ul>\n<hr class=\"border-border-200 border-t-0.5 my-3 mx-1.5\" \/>\n<h2 class=\"text-text-100 mt-3 -mb-1 text-[1.125rem] font-bold\">\u00bfCON QU\u00c9 FINALIDADES TRATAREMOS TUS DATOS?<\/h2>\n<p class=\"font-claude-response-body break-words whitespace-normal leading-[1.7]\">En esta web existe un formulario de contacto. La informaci\u00f3n recogida se utilizar\u00e1 de la siguiente manera:<\/p>\n<p class=\"font-claude-response-body break-words whitespace-normal leading-[1.7]\"><strong>Formulario de contacto:<\/strong> Los datos facilitados ser\u00e1n utilizados exclusivamente para responder a consultas, sugerencias o solicitudes de contacto profesional. En ning\u00fan caso se utilizar\u00e1n para otros fines ni se ceder\u00e1n a terceros.<\/p>\n<hr class=\"border-border-200 border-t-0.5 my-3 mx-1.5\" \/>\n<h2 class=\"text-text-100 mt-3 -mb-1 text-[1.125rem] font-bold\">TIEMPO DE CONSERVACI\u00d3N DE LOS DATOS PERSONALES<\/h2>\n<p class=\"font-claude-response-body break-words whitespace-normal leading-[1.7]\"><strong>Datos de contacto:<\/strong> los datos se conservar\u00e1n durante el tiempo necesario para atender la solicitud y, una vez concluida, un m\u00e1ximo de dos a\u00f1os, a menos que el usuario solicite antes su supresi\u00f3n.<\/p>\n<hr class=\"border-border-200 border-t-0.5 my-3 mx-1.5\" \/>\n<h2 class=\"text-text-100 mt-3 -mb-1 text-[1.125rem] font-bold\">\u00bfCU\u00c1LES SON TUS DERECHOS EN LO QUE CONCIERNE AL USO DE TUS DATOS?<\/h2>\n<p class=\"font-claude-response-body break-words whitespace-normal leading-[1.7]\">Cualquier persona tiene derecho a obtener confirmaci\u00f3n sobre si en la web \u00ab<a class=\"underline underline underline-offset-2 decoration-1 decoration-current\/40 hover:decoration-current focus:decoration-current\" href=\"https:\/\/molinapenalosa.cvcomunicacion.es%C2%BB\">https:\/\/molinapenalosa.cvcomunicacion.es\u00bb<\/a> se est\u00e1n tratando datos personales que le conciernen o no.<\/p>\n<p class=\"font-claude-response-body break-words whitespace-normal leading-[1.7]\">Las personas interesadas tienen derecho a:<\/p>\n<ul class=\"[li_&amp;]:mb-0 [li_&amp;]:mt-1 [li_&amp;]:gap-1 [&amp;:not(:last-child)_ul]:pb-1 [&amp;:not(:last-child)_ol]:pb-1 list-disc flex flex-col gap-1 pl-8 mb-3\">\n<li class=\"whitespace-normal break-words pl-2\">Solicitar el acceso a los datos personales relativos al interesado.<\/li>\n<li class=\"whitespace-normal break-words pl-2\">Solicitar su rectificaci\u00f3n o supresi\u00f3n.<\/li>\n<li class=\"whitespace-normal break-words pl-2\">Solicitar su cancelaci\u00f3n.<\/li>\n<li class=\"whitespace-normal break-words pl-2\">Solicitar la limitaci\u00f3n de su tratamiento.<\/li>\n<li class=\"whitespace-normal break-words pl-2\">Oponerse al tratamiento.<\/li>\n<li class=\"whitespace-normal break-words pl-2\">Solicitar la portabilidad de los datos.<\/li>\n<\/ul>\n<p class=\"font-claude-response-body break-words whitespace-normal leading-[1.7]\">Si ha otorgado su consentimiento para alguna finalidad concreta, tiene derecho a retirarlo en cualquier momento, sin que ello afecte a la licitud del tratamiento basado en el consentimiento previo a su retirada.<\/p>\n<p class=\"font-claude-response-body break-words whitespace-normal leading-[1.7]\">En caso de que sienta vulnerados sus derechos en lo concerniente a la protecci\u00f3n de sus datos personales, puede presentar una reclamaci\u00f3n ante la Autoridad de Control en materia de Protecci\u00f3n de Datos competente a trav\u00e9s de su sitio web: <a class=\"underline underline underline-offset-2 decoration-1 decoration-current\/40 hover:decoration-current focus:decoration-current\" href=\"https:\/\/www.aepd.es\/es\">https:\/\/www.aepd.es\/es<\/a><\/p>\n<p class=\"font-claude-response-body break-words whitespace-normal leading-[1.7]\">Para ejercitar estos derechos, puede escribir a <a class=\"underline underline underline-offset-2 decoration-1 decoration-current\/40 hover:decoration-current focus:decoration-current\" href=\"mailto:fernando@molinapenalosa.es\">fernando@molinapenalosa.es<\/a><\/p>\n<p class=\"font-claude-response-body break-words whitespace-normal leading-[1.7]\">Los formularios para el ejercicio de sus derechos pueden solicitarse por email o consultarse en los elaborados por la Agencia Espa\u00f1ola de Protecci\u00f3n de Datos. Estos formularios deben ir firmados electr\u00f3nicamente o acompa\u00f1ados de fotocopia del DNI. Si le representa alguien, debe adjuntar copia de su DNI o firmar con firma electr\u00f3nica. Los formularios pueden presentarse presencialmente, enviarse por carta o por correo electr\u00f3nico a la direcci\u00f3n del responsable indicada al inicio de este texto.<\/p>\n<hr class=\"border-border-200 border-t-0.5 my-3 mx-1.5\" \/>\n<h2 class=\"text-text-100 mt-3 -mb-1 text-[1.125rem] font-bold\">NOTIFICACI\u00d3N Y DECLARACI\u00d3N DE BRECHAS<\/h2>\n<p class=\"font-claude-response-body break-words whitespace-normal leading-[1.7]\">En la web \u00ab<a class=\"underline underline underline-offset-2 decoration-1 decoration-current\/40 hover:decoration-current focus:decoration-current\" href=\"https:\/\/molinapenalosa.cvcomunicacion.es%C2%BB\">https:\/\/molinapenalosa.cvcomunicacion.es\u00bb<\/a> se asumen medidas de seguridad adecuadas al nivel de riesgo para proteger la informaci\u00f3n personal contra p\u00e9rdida, uso indebido y acceso no autorizado, divulgaci\u00f3n, alteraci\u00f3n y destrucci\u00f3n. No obstante, si se determina que los datos han sido expuestos por una brecha de seguridad o adquiridos de forma incorrecta por un tercero, el usuario ser\u00e1 informado de inmediato de dicha circunstancia.<\/p>\n<hr class=\"border-border-200 border-t-0.5 my-3 mx-1.5\" \/>\n<h2 class=\"text-text-100 mt-3 -mb-1 text-[1.125rem] font-bold\">\u00bfA QU\u00c9 DESTINATARIOS SE COMUNICAR\u00c1N TUS DATOS?<\/h2>\n<p class=\"font-claude-response-body break-words whitespace-normal leading-[1.7]\">Para prestar los servicios estrictamente necesarios para el funcionamiento de esta web, pueden tener acceso de forma ocasional la empresa de desarrollo y mantenimiento web o la de hosting. Estas tienen firmado un contrato de prestaci\u00f3n de servicios que les obliga a mantener el mismo nivel de privacidad que se aplica a los tratamientos realizados en esta web.<\/p>\n<hr class=\"border-border-200 border-t-0.5 my-3 mx-1.5\" \/>\n<h2 class=\"text-text-100 mt-3 -mb-1 text-[1.125rem] font-bold\">SECRETO Y SEGURIDAD DE LOS DATOS<\/h2>\n<p class=\"font-claude-response-body break-words whitespace-normal leading-[1.7]\">La web \u00ab<a class=\"underline underline underline-offset-2 decoration-1 decoration-current\/40 hover:decoration-current focus:decoration-current\" href=\"https:\/\/molinapenalosa.cvcomunicacion.es%C2%BB\">https:\/\/molinapenalosa.cvcomunicacion.es\u00bb<\/a> se compromete al uso y tratamiento de los datos personales del usuario respetando su confidencialidad, de acuerdo con la finalidad de aquellos, as\u00ed como a dar cumplimiento a su obligaci\u00f3n de guardarlos y adoptar todas las medidas necesarias para evitar su alteraci\u00f3n, p\u00e9rdida, tratamiento o acceso no autorizado, de conformidad con la normativa vigente de protecci\u00f3n de datos.<\/p>\n<p class=\"font-claude-response-body break-words whitespace-normal leading-[1.7]\">Esta web incluye un certificado SSL, protocolo de seguridad que garantiza que los datos viajan de forma \u00edntegra y cifrada entre el servidor y el usuario.<\/p>\n<p class=\"font-claude-response-body break-words whitespace-normal leading-[1.7]\">La web \u00ab<a class=\"underline underline underline-offset-2 decoration-1 decoration-current\/40 hover:decoration-current focus:decoration-current\" href=\"https:\/\/molinapenalosa.cvcomunicacion.es%C2%BB\">https:\/\/molinapenalosa.cvcomunicacion.es\u00bb<\/a> no puede garantizar la absoluta inexpugnabilidad de Internet ni, por tanto, la violaci\u00f3n de los datos mediante accesos fraudulentos por parte de terceros.<\/p>\n<hr class=\"border-border-200 border-t-0.5 my-3 mx-1.5\" \/>\n<h2 class=\"text-text-100 mt-3 -mb-1 text-[1.125rem] font-bold\">EXACTITUD Y VERACIDAD DE LOS DATOS<\/h2>\n<p class=\"font-claude-response-body break-words whitespace-normal leading-[1.7]\">Como usuario, eres el \u00fanico responsable de la veracidad y correcci\u00f3n de los datos que remitas, exonerando a FERNANDO MOLINA PE\u00d1ALOSA de cualquier responsabilidad al respecto. Los usuarios garantizan la exactitud, vigencia y autenticidad de los datos personales facilitados y se comprometen a mantenerlos debidamente actualizados.<\/p>\n<hr class=\"border-border-200 border-t-0.5 my-3 mx-1.5\" \/>\n<h2 class=\"text-text-100 mt-3 -mb-1 text-[1.125rem] font-bold\">REVOCABILIDAD<\/h2>\n<p class=\"font-claude-response-body break-words whitespace-normal leading-[1.7]\">El consentimiento prestado, tanto para el tratamiento como para la cesi\u00f3n de los datos, es revocable en cualquier momento comunic\u00e1ndolo a FERNANDO MOLINA PE\u00d1ALOSA en los t\u00e9rminos establecidos en esta pol\u00edtica para el ejercicio de los derechos ARCO. Esta revocaci\u00f3n en ning\u00fan caso tendr\u00e1 car\u00e1cter retroactivo.<\/p>\n<hr class=\"border-border-200 border-t-0.5 my-3 mx-1.5\" \/>\n<h2 class=\"text-text-100 mt-3 -mb-1 text-[1.125rem] font-bold\">CAMBIOS EN LA POL\u00cdTICA DE PRIVACIDAD<\/h2>\n<p class=\"font-claude-response-body break-words whitespace-normal leading-[1.7]\">FERNANDO MOLINA PE\u00d1ALOSA se reserva el derecho a modificar la presente pol\u00edtica para adaptarla a novedades legislativas o jurisprudenciales, as\u00ed como a pr\u00e1cticas de la industria. En dichos supuestos, se anunciar\u00e1n en esta p\u00e1gina los cambios introducidos con razonable antelaci\u00f3n a su puesta en pr\u00e1ctica.<\/p>\n","protected":false},"excerpt":{"rendered":"<p>INFORMACI\u00d3N ADICIONAL SOBRE PROTECCI\u00d3N DE DATOS Lo que se hace y no se hace con tus datos personales en esta web lo encontrar\u00e1s aqu\u00ed. Esta pol\u00edtica expresa c\u00f3mo se tratar\u00e1 y proteger\u00e1 la informaci\u00f3n personal de todas las personas que se relacionan con la web \u00abhttps:\/\/molinapenalosa.cvcomunicacion.es\u00bb a trav\u00e9s de este sitio web. Por favor, debes [&hellip;]<\/p>\n","protected":false},"author":1,"featured_media":0,"parent":33,"menu_order":0,"comment_status":"closed","ping_status":"open","template":"","meta":{"_et_pb_use_builder":"","_et_pb_old_content":"","_et_gb_content_width":"","footnotes":""},"class_list":["post-3","page","type-page","status-publish","hentry"],"yoast_head":"<!-- This site is optimized with the Yoast SEO plugin v27.0 - https:\/\/yoast.com\/product\/yoast-seo-wordpress\/ -->\n<title>Pol\u00edtica de privacidad - Fernando Molina Pe\u00f1alosa<\/title>\n<meta name=\"robots\" content=\"noindex, follow, max-snippet:-1, max-image-preview:large, max-video-preview:-1\" \/>\n<meta property=\"og:locale\" content=\"es_ES\" \/>\n<meta property=\"og:type\" content=\"article\" \/>\n<meta property=\"og:title\" content=\"Pol\u00edtica de privacidad - Fernando Molina Pe\u00f1alosa\" \/>\n<meta property=\"og:description\" content=\"INFORMACI\u00d3N ADICIONAL SOBRE PROTECCI\u00d3N DE DATOS Lo que se hace y no se hace con tus datos personales en esta web lo encontrar\u00e1s aqu\u00ed. Esta pol\u00edtica expresa c\u00f3mo se tratar\u00e1 y proteger\u00e1 la informaci\u00f3n personal de todas las personas que se relacionan con la web \u00abhttps:\/\/molinapenalosa.cvcomunicacion.es\u00bb a trav\u00e9s de este sitio web. Por favor, debes [&hellip;]\" \/>\n<meta property=\"og:url\" content=\"https:\/\/molinapenalosa.cvcomunicacion.es\/index.php\/borrador-automatico\/politica_de_privacidad\/\" \/>\n<meta property=\"og:site_name\" content=\"Fernando Molina Pe\u00f1alosa\" \/>\n<meta property=\"article:modified_time\" content=\"2026-03-04T01:21:11+00:00\" \/>\n<meta name=\"twitter:card\" content=\"summary_large_image\" \/>\n<meta name=\"twitter:label1\" content=\"Tiempo de lectura\" \/>\n\t<meta name=\"twitter:data1\" content=\"5 minutos\" \/>\n<script type=\"application\/ld+json\" class=\"yoast-schema-graph\">{\"@context\":\"https:\/\/schema.org\",\"@graph\":[{\"@type\":\"WebPage\",\"@id\":\"https:\/\/molinapenalosa.cvcomunicacion.es\/index.php\/borrador-automatico\/politica_de_privacidad\/\",\"url\":\"https:\/\/molinapenalosa.cvcomunicacion.es\/index.php\/borrador-automatico\/politica_de_privacidad\/\",\"name\":\"Pol\u00edtica de privacidad - Fernando Molina Pe\u00f1alosa\",\"isPartOf\":{\"@id\":\"https:\/\/molinapenalosa.cvcomunicacion.es\/#website\"},\"datePublished\":\"2023-01-25T12:32:10+00:00\",\"dateModified\":\"2026-03-04T01:21:11+00:00\",\"breadcrumb\":{\"@id\":\"https:\/\/molinapenalosa.cvcomunicacion.es\/index.php\/borrador-automatico\/politica_de_privacidad\/#breadcrumb\"},\"inLanguage\":\"es\",\"potentialAction\":[{\"@type\":\"ReadAction\",\"target\":[\"https:\/\/molinapenalosa.cvcomunicacion.es\/index.php\/borrador-automatico\/politica_de_privacidad\/\"]}]},{\"@type\":\"BreadcrumbList\",\"@id\":\"https:\/\/molinapenalosa.cvcomunicacion.es\/index.php\/borrador-automatico\/politica_de_privacidad\/#breadcrumb\",\"itemListElement\":[{\"@type\":\"ListItem\",\"position\":1,\"name\":\"Portada\",\"item\":\"https:\/\/molinapenalosa.cvcomunicacion.es\/\"},{\"@type\":\"ListItem\",\"position\":2,\"name\":\"FERNANDO MOLINA PE\u00d1ALOSA | PROFESIONAL DE LA COMUNICACI\u00d3N\",\"item\":\"https:\/\/molinapenalosa.cvcomunicacion.es\/\"},{\"@type\":\"ListItem\",\"position\":3,\"name\":\"Pol\u00edtica de privacidad\"}]},{\"@type\":\"WebSite\",\"@id\":\"https:\/\/molinapenalosa.cvcomunicacion.es\/#website\",\"url\":\"https:\/\/molinapenalosa.cvcomunicacion.es\/\",\"name\":\"Fernando Molina Pe\u00f1alosa\",\"description\":\"Profesional de la comunicaci\u00f3n institucional y corporativa\",\"potentialAction\":[{\"@type\":\"SearchAction\",\"target\":{\"@type\":\"EntryPoint\",\"urlTemplate\":\"https:\/\/molinapenalosa.cvcomunicacion.es\/?s={search_term_string}\"},\"query-input\":{\"@type\":\"PropertyValueSpecification\",\"valueRequired\":true,\"valueName\":\"search_term_string\"}}],\"inLanguage\":\"es\"}]}<\/script>\n<!-- \/ Yoast SEO plugin. -->","yoast_head_json":{"title":"Pol\u00edtica de privacidad - Fernando Molina Pe\u00f1alosa","robots":{"index":"noindex","follow":"follow","max-snippet":"max-snippet:-1","max-image-preview":"max-image-preview:large","max-video-preview":"max-video-preview:-1"},"og_locale":"es_ES","og_type":"article","og_title":"Pol\u00edtica de privacidad - Fernando Molina Pe\u00f1alosa","og_description":"INFORMACI\u00d3N ADICIONAL SOBRE PROTECCI\u00d3N DE DATOS Lo que se hace y no se hace con tus datos personales en esta web lo encontrar\u00e1s aqu\u00ed. Esta pol\u00edtica expresa c\u00f3mo se tratar\u00e1 y proteger\u00e1 la informaci\u00f3n personal de todas las personas que se relacionan con la web \u00abhttps:\/\/molinapenalosa.cvcomunicacion.es\u00bb a trav\u00e9s de este sitio web. Por favor, debes [&hellip;]","og_url":"https:\/\/molinapenalosa.cvcomunicacion.es\/index.php\/borrador-automatico\/politica_de_privacidad\/","og_site_name":"Fernando Molina Pe\u00f1alosa","article_modified_time":"2026-03-04T01:21:11+00:00","twitter_card":"summary_large_image","twitter_misc":{"Tiempo de lectura":"5 minutos"},"schema":{"@context":"https:\/\/schema.org","@graph":[{"@type":"WebPage","@id":"https:\/\/molinapenalosa.cvcomunicacion.es\/index.php\/borrador-automatico\/politica_de_privacidad\/","url":"https:\/\/molinapenalosa.cvcomunicacion.es\/index.php\/borrador-automatico\/politica_de_privacidad\/","name":"Pol\u00edtica de privacidad - Fernando Molina Pe\u00f1alosa","isPartOf":{"@id":"https:\/\/molinapenalosa.cvcomunicacion.es\/#website"},"datePublished":"2023-01-25T12:32:10+00:00","dateModified":"2026-03-04T01:21:11+00:00","breadcrumb":{"@id":"https:\/\/molinapenalosa.cvcomunicacion.es\/index.php\/borrador-automatico\/politica_de_privacidad\/#breadcrumb"},"inLanguage":"es","potentialAction":[{"@type":"ReadAction","target":["https:\/\/molinapenalosa.cvcomunicacion.es\/index.php\/borrador-automatico\/politica_de_privacidad\/"]}]},{"@type":"BreadcrumbList","@id":"https:\/\/molinapenalosa.cvcomunicacion.es\/index.php\/borrador-automatico\/politica_de_privacidad\/#breadcrumb","itemListElement":[{"@type":"ListItem","position":1,"name":"Portada","item":"https:\/\/molinapenalosa.cvcomunicacion.es\/"},{"@type":"ListItem","position":2,"name":"FERNANDO MOLINA PE\u00d1ALOSA | PROFESIONAL DE LA COMUNICACI\u00d3N","item":"https:\/\/molinapenalosa.cvcomunicacion.es\/"},{"@type":"ListItem","position":3,"name":"Pol\u00edtica de privacidad"}]},{"@type":"WebSite","@id":"https:\/\/molinapenalosa.cvcomunicacion.es\/#website","url":"https:\/\/molinapenalosa.cvcomunicacion.es\/","name":"Fernando Molina Pe\u00f1alosa","description":"Profesional de la comunicaci\u00f3n institucional y corporativa","potentialAction":[{"@type":"SearchAction","target":{"@type":"EntryPoint","urlTemplate":"https:\/\/molinapenalosa.cvcomunicacion.es\/?s={search_term_string}"},"query-input":{"@type":"PropertyValueSpecification","valueRequired":true,"valueName":"search_term_string"}}],"inLanguage":"es"}]}},"_links":{"self":[{"href":"https:\/\/molinapenalosa.cvcomunicacion.es\/index.php\/wp-json\/wp\/v2\/pages\/3","targetHints":{"allow":["GET"]}}],"collection":[{"href":"https:\/\/molinapenalosa.cvcomunicacion.es\/index.php\/wp-json\/wp\/v2\/pages"}],"about":[{"href":"https:\/\/molinapenalosa.cvcomunicacion.es\/index.php\/wp-json\/wp\/v2\/types\/page"}],"author":[{"embeddable":true,"href":"https:\/\/molinapenalosa.cvcomunicacion.es\/index.php\/wp-json\/wp\/v2\/users\/1"}],"replies":[{"embeddable":true,"href":"https:\/\/molinapenalosa.cvcomunicacion.es\/index.php\/wp-json\/wp\/v2\/comments?post=3"}],"version-history":[{"count":10,"href":"https:\/\/molinapenalosa.cvcomunicacion.es\/index.php\/wp-json\/wp\/v2\/pages\/3\/revisions"}],"predecessor-version":[{"id":197,"href":"https:\/\/molinapenalosa.cvcomunicacion.es\/index.php\/wp-json\/wp\/v2\/pages\/3\/revisions\/197"}],"up":[{"embeddable":true,"href":"https:\/\/molinapenalosa.cvcomunicacion.es\/index.php\/wp-json\/wp\/v2\/pages\/33"}],"wp:attachment":[{"href":"https:\/\/molinapenalosa.cvcomunicacion.es\/index.php\/wp-json\/wp\/v2\/media?parent=3"}],"curies":[{"name":"wp","href":"https:\/\/api.w.org\/{rel}","templated":true}]}}